{"id":160,"date":"2021-01-02T13:19:38","date_gmt":"2021-01-02T13:19:38","guid":{"rendered":"https:\/\/atenaseyes.com\/servicios\/"},"modified":"2026-01-09T19:11:38","modified_gmt":"2026-01-09T19:11:38","slug":"servicios","status":"publish","type":"page","link":"https:\/\/atenaseyes.com\/en\/servicios\/","title":{"rendered":"Services"},"content":{"rendered":"<p>Holistic Services\t\t\t\t\t\t\t\t\t\t\t\t\t\t<\/p>\n<p><!-- .container --><br \/>\n\t\t\t\t\t\t\t\t <!-- .overlay --><\/p>\n<p>Holistic Services\t\t\t\t\t\t\t\t\t\t\t\t\t\t<\/p>\n<p><!-- .container --><br \/>\n\t\t\t\t\t\t\t\t <!-- .overlay --><\/p>\n<p>Holistic Services\t\t\t\t\t\t\t\t\t\t\t\t\t\t<\/p>\n<p><!-- .container --><br \/>\n\t\t\t\t\t\t\t\t <!-- .overlay --><\/p>\n<p>Holistic Services\t\t\t\t\t\t\t\t\t\t\t\t\t\t<\/p>\n<p><!-- .container --><br \/>\n\t\t\t\t\t\t\t\t <!-- .overlay --><\/p>\n<p>Holistic Services\t\t\t\t\t\t\t\t\t\t\t\t\t\t<\/p>\n<p><!-- .container --><br \/>\n\t\t\t\t\t\t\t\t <!-- .overlay --><\/p>\n<p><a href=\"#layers-widget-column-12\"><br \/>\n\t\t\t\t\t\t\t<img loading=\"lazy\" decoding=\"async\" width=\"120\" height=\"120\" src=\"https:\/\/atenaseyes.com\/wp-content\/uploads\/2020\/12\/atenaseye-icon01.png\" \/>\t\t\t\t\t\t<\/a><\/p>\n<p><a href=\"#layers-widget-column-12\"><br \/>\n\t\t\t\t\t\t\t\t\t\t\t\t\t\t\t\t\t\t\t\t\t\t\t\t\t\t\t\t\tNumerology\t\t\t\t\t\t\t\t\t\t\t\t\t\t\t\t\t\t\t\t\t\t\t\t\t\t\t\t\t<\/a><\/p>\n<p><a href=\"#layers-widget-column-20\"><br \/>\n\t\t\t\t\t\t\t<img loading=\"lazy\" decoding=\"async\" width=\"120\" height=\"120\" src=\"https:\/\/atenaseyes.com\/wp-content\/uploads\/2021\/01\/atenaseye-icon06.png\" \/>\t\t\t\t\t\t<\/a><\/p>\n<p><a href=\"#layers-widget-column-20\"><br \/>\n\t\t\t\t\t\t\t\t\t\t\t\t\t\t\t\t\t\t\t\t\t\t\t\t\t\t\t\t\tHolistic Coach\t\t\t\t\t\t\t\t\t\t\t\t\t\t\t\t\t\t\t\t\t\t\t\t\t\t\t\t\t<\/a><\/p>\n<p><a href=\"#layers-widget-column-22\"><br \/>\n\t\t\t\t\t\t\t<img loading=\"lazy\" decoding=\"async\" width=\"120\" height=\"120\" src=\"https:\/\/atenaseyes.com\/wp-content\/uploads\/2020\/12\/atenaseye-icon02.png\" \/>\t\t\t\t\t\t<\/a><\/p>\n<p><a href=\"#layers-widget-column-22\"><br \/>\n\t\t\t\t\t\t\t\t\t\t\t\t\t\t\t\t\t\t\t\t\t\t\t\t\t\t\t\t\tTherapeutic Tarot\t\t\t\t\t\t\t\t\t\t\t\t\t\t\t\t\t\t\t\t\t\t\t\t\t\t\t\t\t<\/a><\/p>\n<p><a href=\"#layers-widget-column-21\"><br \/>\n\t\t\t\t\t\t\t<img loading=\"lazy\" decoding=\"async\" width=\"120\" height=\"120\" src=\"https:\/\/atenaseyes.com\/wp-content\/uploads\/2020\/12\/atenaseye-icon03.png\" \/>\t\t\t\t\t\t<\/a><\/p>\n<p><a href=\"#layers-widget-column-21\"><br \/>\n\t\t\t\t\t\t\t\t\t\t\t\t\t\t\t\t\t\t\t\t\t\t\t\t\t\t\t\t\tArchetypes Reports\t\t\t\t\t\t\t\t\t\t\t\t\t\t\t\t\t\t\t\t\t\t\t\t\t\t\t\t\t<\/a><\/p>\n<p><a href=\"#layers-widget-column-23\"><br \/>\n\t\t\t\t\t\t\t<img loading=\"lazy\" decoding=\"async\" width=\"120\" height=\"120\" src=\"https:\/\/atenaseyes.com\/wp-content\/uploads\/2021\/01\/atenaseye-icon04.png\" \/>\t\t\t\t\t\t<\/a><\/p>\n<p><a href=\"#layers-widget-column-23\"><br \/>\n\t\t\t\t\t\t\t\t\t\t\t\t\t\t\t\t\t\t\t\t\t\t\t\t\t\t\t\t\tHo'oponopono Therapy\t\t\t\t\t\t\t\t\t\t\t\t\t\t\t\t\t\t\t\t\t\t\t\t\t\t\t\t\t<\/a><\/p>\n<p><a href=\"#layers-widget-column-24\"><br \/>\n\t\t\t\t\t\t\t<img loading=\"lazy\" decoding=\"async\" width=\"120\" height=\"120\" src=\"https:\/\/atenaseyes.com\/wp-content\/uploads\/2021\/01\/atenaseye-icon05.png\" \/>\t\t\t\t\t\t<\/a><\/p>\n<p><a href=\"#layers-widget-column-24\"><br \/>\n\t\t\t\t\t\t\t\t\t\t\t\t\t\t\t\t\t\t\t\t\t\t\t\t\t\t\t\t\tCustom Candles\t\t\t\t\t\t\t\t\t\t\t\t\t\t\t\t\t\t\t\t\t\t\t\t\t\t\t\t\t<\/a><\/p>\n<p><!-- \/row --><\/p>\n<p><a><\/a><\/p>\n<p>Numerology\t\t\t\t\t\t\t\t<\/p>\n<p><img loading=\"lazy\" decoding=\"async\" width=\"120\" height=\"120\" src=\"https:\/\/atenaseyes.com\/wp-content\/uploads\/2020\/12\/atenaseye-icon01.png\" \/>\t\t\t\t<\/p>\n<p><img loading=\"lazy\" decoding=\"async\" width=\"792\" height=\"612\" src=\"https:\/\/atenaseyes.com\/wp-content\/uploads\/2021\/01\/Diploma-Numerologia-Profesional-Alejandra-Fuenzalida-Atenas.jpg\" \/>\t\t\t\t<\/p>\n<p>La numerolog\u00eda es una disciplina maravillosa donde encontramos que los n\u00fameros poseen esa vibraci\u00f3n energ\u00e9tica que aportan a nivel personal donde veremos las caracter\u00edsticas y facultades de las persona tambi\u00e9n de los acontecimientos de su vida.Un informe numerol\u00f3gico te entregar\u00e1 tu misi\u00f3n de vida, n\u00famero de personalidad, numero de personalidad trascendental o vidas pasadas, n\u00famero de \u00a0personalidad exterior, numerolog\u00eda de cumplea\u00f1os, numerolog\u00eda por temas (Empresa y Prosperidad, Amor-Sensibilidad -Creatividad), Popularidad, Trascendencia y evoluci\u00f3n espiritual, numero de prosperidad, n\u00famero de camino, Pin\u00e1culos, interpretaci\u00f3n planetaria.Este informe \u00a0te mostrar\u00e1 todo lo que deseas saber de tu vida y c\u00f3mo poder mejorarla, t\u00fa fecha de nacimiento y nombre completo nos dar\u00e1 toda la informaci\u00f3n que deseas saber.\u00a0<br \/>\n\t\t\t\t\t\t\t\t\t\t\t\t\t\t\t\t\t\t\t\t\t\t\t\t\t\t\t\t\t\t\t\t\t\t\t\t\t<a href=\"#contacto\"><br \/>\n\t\t\t\t\t\t\t\t\t\t\t\t\t\tSend Message\t\t\t\t\t\t\t\t\t\t\t\t\t<\/a><\/p>\n<p><img loading=\"lazy\" decoding=\"async\" width=\"300\" height=\"300\" src=\"https:\/\/atenaseyes.com\/wp-content\/uploads\/2023\/02\/curso-numerologia-300x300.png\" \/>\t\t\t\t<\/p>\n<p><!-- \/row --><\/p>\n<p><a><\/a><\/p>\n<p>Holistic Coach\t\t\t\t\t\t\t\t<\/p>\n<p><img loading=\"lazy\" decoding=\"async\" width=\"120\" height=\"120\" src=\"https:\/\/atenaseyes.com\/wp-content\/uploads\/2021\/01\/atenaseye-icon06.png\" \/>\t\t\t\t<\/p>\n<p><img loading=\"lazy\" decoding=\"async\" width=\"1088\" height=\"1408\" src=\"https:\/\/atenaseyes.com\/wp-content\/uploads\/2023\/02\/CERTIFICADO-MASTER-COACHING-HOLISTICO-HDBU-IPHM-Alejandra-S.-Fuenzalida-Atenas-pdf.jpg\" \/>\t\t\t\t<\/p>\n<p>Hello friends, I am Atenas eye, a spiritual holistic coach, I will be that person who will train you so that you can direct your life reaching your goals and connect with your own being. I will be your co-pilot where you will drive the car and I will show you those points or places of your being that you cannot see. As a coach I have been trained in different disciplines with tools that help me capture the person from their most internal needs where they connect with that creative power, unlocking all those places in life that do not allow progress.<\/p>\n<p>I will accompany you on this beautiful path where you will heal mentally, emotionally, energetically, spiritually, which will allow you to have a healthier life. I also want to say that this does not replace a health professional, but it does complement that desired state for your life, obtaining the perfect mental and emotional balance.<br \/>\n\t\t\t\t\t\t\t\t\t\t\t\t\t\t\t\t\t\t\t\t\t\t\t\t\t\t\t\t\t\t\t\t\t\t\t\t\t<a href=\"#contacto\"><br \/>\n\t\t\t\t\t\t\t\t\t\t\t\t\t\tSend Message\t\t\t\t\t\t\t\t\t\t\t\t\t<\/a><\/p>\n<p><!-- \/row --><\/p>\n<p><a><\/a><\/p>\n<p>Therapeutic tarot\t\t\t\t\t\t\t\t<\/p>\n<p><img loading=\"lazy\" decoding=\"async\" width=\"120\" height=\"120\" src=\"https:\/\/atenaseyes.com\/wp-content\/uploads\/2020\/12\/atenaseye-icon02.png\" \/>\t\t\t\t<\/p>\n<p>Poseo una baraja de cartas especial, dise\u00f1ada espec\u00edficamente para poder hacer este tipo de tarot. La respuesta, de la misma manera que con otros m\u00e9todos de tarot, vendr\u00e1 en forma de ilustraciones y con esto se entrega una interpretaci\u00f3n lo m\u00e1s aproximada posible.Siempre tener en cuenta que no podemos guiarnos al 100% por lo que diga la interpretaci\u00f3n, y que, dependiendo de las circunstancias, puede ser m\u00e1s o menos fiable. Sin embargo, puede ayudar a saber muchas cosas sobre ustedes mismos que ni tan siquiera habr\u00eda sabido de otra manera.<\/p>\n<p>El propio tarot unifica dos conceptos que pueden parecer muy distintos: por un lado tenemos una interpretaci\u00f3n de una baraja de cartas pero, por otra parte, tambi\u00e9n nos encontramos con la interpretaci\u00f3n de los astros.De esta manera, el objetivo principal es conseguir aprovechar la influencia que tienen los astros de nuestra vida para ver lo que el destino nos ha reservado pero, al mismo tiempo, emplear las cartas para poder canalizar este poder, y lograr la interpretaci\u00f3n acertada.<br \/>\n\t\t\t\t\t\t\t\t\t\t\t\t\t\t\t\t\t\t\t\t\t\t\t\t\t\t\t\t\t\t\t\t\t\t\t\t\t<a href=\"#contacto\"><br \/>\n\t\t\t\t\t\t\t\t\t\t\t\t\t\tSend Message\t\t\t\t\t\t\t\t\t\t\t\t\t<\/a><\/p>\n<p><img loading=\"lazy\" decoding=\"async\" width=\"300\" height=\"300\" src=\"https:\/\/atenaseyes.com\/wp-content\/uploads\/2023\/02\/Attachment-1-1-300x300.png\" \/>\t\t\t\t<\/p>\n<p><img loading=\"lazy\" decoding=\"async\" width=\"300\" height=\"300\" src=\"https:\/\/atenaseyes.com\/wp-content\/uploads\/2023\/02\/tarot-rider-300x300.png\" \/>\t\t\t\t<\/p>\n<p><!-- \/row --><\/p>\n<p>\"I feel the breeze on my face that caresses me and clarifies what did not awaken me. I feel the wind in my ears that whisper loves, she loves that life is today and not tomorrow. I feel the air that manages me and accompanies in this moment that life changes\"<\/p>\n<p><img loading=\"lazy\" decoding=\"async\" width=\"175\" height=\"40\" src=\"https:\/\/atenaseyes.com\/wp-content\/uploads\/2021\/01\/atenaseye-sitio-firma.png\" \/>\t\t\t\t<\/p>\n<p><!-- .container --><br \/>\n\t\t\t\t\t\t\t\t <!-- .overlay --><\/p>\n<p>\"I feel the breeze on my face that caresses me and clarifies what did not awaken me. I feel the wind in my ears that whisper loves, she loves that life is today and not tomorrow. I feel the air that manages me and accompanies in this moment that life changes\"<\/p>\n<p><img loading=\"lazy\" decoding=\"async\" width=\"175\" height=\"40\" src=\"https:\/\/atenaseyes.com\/wp-content\/uploads\/2021\/01\/atenaseye-sitio-firma.png\" \/>\t\t\t\t<\/p>\n<p><!-- .container --><br \/>\n\t\t\t\t\t\t\t\t <!-- .overlay --><\/p>\n<p><a><\/a><\/p>\n<p>Archetypes Reports\t\t\t\t\t\t\t\t<\/p>\n<p><img loading=\"lazy\" decoding=\"async\" width=\"120\" height=\"120\" src=\"https:\/\/atenaseyes.com\/wp-content\/uploads\/2020\/12\/atenaseye-icon03.png\" \/>\t\t\t\t<\/p>\n<p><img loading=\"lazy\" decoding=\"async\" width=\"792\" height=\"612\" src=\"https:\/\/atenaseyes.com\/wp-content\/uploads\/2021\/01\/Diploma-Arquetipos-Espirituales-Alejandra-Fuenzalida-Atenas.jpg\" \/>\t\t\t\t<\/p>\n<p>In the natal chart the archetypes are symbolized by planets, signs and elements. The archetypes move us unconsciously through: dreams, intuition or images charged with emotion. The energy of the archetype can block us, move us or move us to act, and we usually generate complexes, anxiety, depression and compulsive-obsessive disorders. In the natal chart they can be identified in each planet and each sign, and the transits and solar returns can predict and prevent their possible formation. This astrological help greatly facilitates the most important challenge of the human being: integrity.<br \/>\n\t\t\t\t\t\t\t\t\t\t\t\t\t\t\t\t\t\t\t\t\t\t\t\t\t\t\t\t\t\t\t\t\t\t\t\t\t<a href=\"https:\/\/atenaseyes.com\/en\/que-es-un-arquetipo\/\" target=\"_blank\"><br \/>\n\t\t\t\t\t\t\t\t\t\t\t\t\t\tLeer m\u00e1s&#8230;\t\t\t\t\t\t\t\t\t\t\t\t\t<\/a><\/p>\n<p><img loading=\"lazy\" decoding=\"async\" width=\"300\" height=\"300\" src=\"https:\/\/atenaseyes.com\/wp-content\/uploads\/2021\/01\/atenaseye-insignia-arquetipos-300x300.png\" \/>\t\t\t\t<\/p>\n<p><img loading=\"lazy\" decoding=\"async\" width=\"300\" height=\"300\" src=\"https:\/\/atenaseyes.com\/wp-content\/uploads\/2023\/02\/curso-arquetitpos-300x300.png\" \/>\t\t\t\t<\/p>\n<p><!-- \/row --><\/p>\n<p><a><\/a><\/p>\n<p>Ho'oponopono Therapy\t\t\t\t\t\t\t\t<\/p>\n<p><img loading=\"lazy\" decoding=\"async\" width=\"120\" height=\"120\" src=\"https:\/\/atenaseyes.com\/wp-content\/uploads\/2021\/01\/atenaseye-icon04.png\" \/>\t\t\t\t<\/p>\n<p><img loading=\"lazy\" decoding=\"async\" width=\"1242\" height=\"932\" src=\"https:\/\/atenaseyes.com\/wp-content\/uploads\/2021\/01\/IMG_0575.jpg\" \/>\t\t\t\t<\/p>\n<p>Ho\u00b4oponopono es una t\u00e9cnica hawaiana creada por Morrnah Simeona, ella llam\u00f3 a su m\u00e9todo Auto-identidad porque considera que el hombre debe ir en busca de su auto-conocimiento. HO \u0301 OPONOPONO significa corregir un error, busca la paz y la transmutaci\u00f3n del pasado y se intenta encontrar la divinidad que habita en cada uno de nosotros; limpia, corrige y trae luz. Somos seres de luz pero tenemos tantas memorias dolorosas heredadas de nuestros antepasados y otras creadas en el transcurso de nuestras vidas que nos bloquean y no dejan ver el ser de luz que somos, y a sido difundida por Dr.Hew Len que dice que todo pasa por nuestra energ\u00eda interior, lo que vibras atraes.Esta t\u00e9cnica del amor, as\u00ed la llamo yo, y con solo 4 palabras podemos ir limpiando estas memorias.Estas 4 hermosas palabras, al repetirlas como un mantra, va a producir cambios maravillosos en tu vida interior y exterior:<\/p>\n<p>LO SIENTO &#8211; Cuando dices lo siento reconoces algo que no importa que \u00a0penetra en tu cuerpo mente comienza el proceso de responsabilidad 100% de tu vida.PERDONAME&#8211; Cuando dices \u00abporfavor perdoname\u00bb, no le pides perd\u00f3n a dios o a otras persona te pides perd\u00f3n a ti mismo a trav\u00e9s de la divinidad que est\u00e1 en ti, por haber creado esa realidad en tu vida con, pensamientos, sentimientos, emociones.TE AMO&#8211; Esta palabra nos ayuda a entender que amando esa situaci\u00f3n de dolor podremos transmutarla y convertirla en algo positivo. El amor es lo que nos mueve es nuestra esencia pero primero tienes que empezar am\u00e1ndote tu para poder amar a otros AMOR INCONDICIONAL.GRACIAS&#8211; Es la m\u00e1xima \u00a0expresi\u00f3n de gratitud por el bien que a todos los involucrados otorga y a partir de ese momento lo que pase despu\u00e9s va ser determinado por la divinidad.<br \/>\n\t\t\t\t\t\t\t\t\t\t\t\t\t\t\t\t\t\t\t\t\t\t\t\t\t\t\t\t\t\t\t\t\t\t\t\t\t<a href=\"#contacto\"><br \/>\n\t\t\t\t\t\t\t\t\t\t\t\t\t\tSend Message\t\t\t\t\t\t\t\t\t\t\t\t\t<\/a><\/p>\n<p><!-- \/row --><\/p>\n<p><a><\/a><\/p>\n<p>Custom Candles\t\t\t\t\t\t\t\t<\/p>\n<p><img loading=\"lazy\" decoding=\"async\" width=\"120\" height=\"120\" src=\"https:\/\/atenaseyes.com\/wp-content\/uploads\/2021\/01\/atenaseye-icon05.png\" \/>\t\t\t\t<\/p>\n<p><img loading=\"lazy\" decoding=\"async\" width=\"599\" height=\"599\" src=\"https:\/\/atenaseyes.com\/wp-content\/uploads\/2021\/01\/velas-personal.jpg\" \/>\t\t\t\t<\/p>\n<p>Que la luz de estas velas iluminen tu camino para encontrar la luz que hay en t\u00fa interior. No hay nada afuera todo viene de adentro hacia fuera.Mis velas espirituales org\u00e1nicas son completamente personalizadas, cada color aporta su energ\u00eda, son hechas \u00fanicas para cada persona que las solicite, con colores especiales para cada necesidad y materiales org\u00e1nicos que proveen aromas distintivos para cada ser.El origen de las velas es tan antiguo como la civilizaci\u00f3n humana, su utilizaci\u00f3n milenaria siempre ha sido asociada a fines m\u00edsticos. En las diferentes culturas han sido usadas como medio de comunicaci\u00f3n con los dioses, teniendo el cuerpo de la vela (la cera) como cuerpo f\u00edsico del ser humano, el pabilo se refiere a la mente y la llama al esp\u00edritu.No importa que tendencia religiosa se practique, las velas siempre han estado presentes en templos, altares, palacios, hogares, etc.Las velas tambi\u00e9n han sido usadas para efectuar rituales de protecci\u00f3n del hogar, atracci\u00f3n del ser amado, prosperidad, abundancia, salud, entre otros.<\/p>\n<p>SIGNIFICADO DE LOS COLORES PARA VELAS ESPIRITUALES:BLANCO O PLATEADOLimpia el cuerpo energ\u00e9tico | Otorga paz, libera de envidia, celos y obsesi\u00f3n | Fomenta el autoestima | Rompe maldiciones y condiciones adversas: abre caminos | Fe, pureza, verdad y sinceridadNEGROLimpia el entorno | Libera bloqueos | Protege de los ataques ps\u00edquicos | Favorece el trabajo interno<\/p>\n<p>ROJOEnerg\u00eda, fuerza vital | Valor y coraje | Amor, atracci\u00f3n y sexualidad.AMARILLO Y DORADO\u00c9xito econ\u00f3mico | Conciencia de la abundancia | Salud: vitalidad | Concentraci\u00f3n mental | Fomenta el estudio y concentraci\u00f3nANARANJADOVitalidad, salud | Para usarse en convalecencias f\u00edsicas, mentales, emocionales | Para forjar v\u00ednculos entre la familia o las amistades | Empodera el estudio y la sabidur\u00eda | Fomenta la atracci\u00f3n | Produce cambios positivos<\/p>\n<p>AZULFavorece la claridad de la mente y el intelecto | Es propicio para todo tipo de meditaci\u00f3n introspectiva | Ayuda en aspectos espirituales | Otorga tranquilidad, paz o pacienciaVERDEAtrae el dinero y bienes materiales | Trabaja la fertilidad y la prosperidad | Augura buena cooperaci\u00f3n | SaludMORADOTransmutaci\u00f3n | Respeto hacia las jerarqu\u00edas | Serenidad y sobriedad | Fomenta las sanas relaciones personales y sociales | Otorga poder bien ganado | Incentiva la espiritualidad<br \/>\n\t\t\t\t\t\t\t\t\t\t\t\t\t\t\t\t\t\t\t\t\t\t\t\t\t\t\t\t\t\t\t\t\t\t\t\t\t<a href=\"#contacto\"><br \/>\n\t\t\t\t\t\t\t\t\t\t\t\t\t\tSend Message\t\t\t\t\t\t\t\t\t\t\t\t\t<\/a><\/p>\n<p><!-- \/row --><\/p>","protected":false},"excerpt":{"rendered":"<p class=\"excerpt\">Servicios Hol\u00edsticos Servicios Hol\u00edsticos Servicios Hol\u00edsticos Servicios Hol\u00edsticos Servicios Hol\u00edsticos Numerolog\u00eda Coach Hol\u00edstico Tarot Terap\u00e9utico Informes de Arquetipos Terapia Ho\u2019oponopono Velas Personalizadas Numerolog\u00eda La numerolog\u00eda es una disciplina maravillosa donde encontramos que los n\u00fameros poseen esa vibraci\u00f3n energ\u00e9tica que aportan a nivel personal donde veremos las caracter\u00edsticas y facultades de las persona tambi\u00e9n de los [&hellip;]<\/p>","protected":false},"author":1,"featured_media":0,"parent":0,"menu_order":0,"comment_status":"closed","ping_status":"closed","template":"builder.php","meta":{"_joinchat":[],"footnotes":""},"class_list":["post-160","page","type-page","status-publish","hentry"],"yoast_head":"<!-- This site is optimized with the Yoast SEO plugin v26.7 - https:\/\/yoast.com\/wordpress\/plugins\/seo\/ -->\n<title>Servicios - Atenas Eye<\/title>\n<meta name=\"robots\" content=\"index, follow, max-snippet:-1, max-image-preview:large, max-video-preview:-1\" \/>\n<link rel=\"canonical\" href=\"https:\/\/atenaseyes.com\/en\/servicios\/\" \/>\n<meta property=\"og:locale\" content=\"en_US\" \/>\n<meta property=\"og:type\" content=\"article\" \/>\n<meta property=\"og:title\" content=\"Servicios - Atenas Eye\" \/>\n<meta property=\"og:description\" content=\"Servicios Hol\u00edsticos Servicios Hol\u00edsticos Servicios Hol\u00edsticos Servicios Hol\u00edsticos Servicios Hol\u00edsticos Numerolog\u00eda Coach Hol\u00edstico Tarot Terap\u00e9utico Informes de Arquetipos Terapia Ho\u2019oponopono Velas Personalizadas Numerolog\u00eda La numerolog\u00eda es una disciplina maravillosa donde encontramos que los n\u00fameros poseen esa vibraci\u00f3n energ\u00e9tica que aportan a nivel personal donde veremos las caracter\u00edsticas y facultades de las persona tambi\u00e9n de los [&hellip;]\" \/>\n<meta property=\"og:url\" content=\"https:\/\/atenaseyes.com\/en\/servicios\/\" \/>\n<meta property=\"og:site_name\" content=\"Atenas Eye\" \/>\n<meta property=\"article:modified_time\" content=\"2026-01-09T19:11:38+00:00\" \/>\n<meta property=\"og:image\" content=\"https:\/\/atenaseyes.com\/wp-content\/uploads\/2020\/12\/atenaseye-icon01.png\" \/>\n<meta name=\"twitter:card\" content=\"summary_large_image\" \/>\n<meta name=\"twitter:label1\" content=\"Est. reading time\" \/>\n\t<meta name=\"twitter:data1\" content=\"7 minutes\" \/>\n<script type=\"application\/ld+json\" class=\"yoast-schema-graph\">{\"@context\":\"https:\/\/schema.org\",\"@graph\":[{\"@type\":\"WebPage\",\"@id\":\"https:\/\/atenaseyes.com\/servicios\/\",\"url\":\"https:\/\/atenaseyes.com\/servicios\/\",\"name\":\"Servicios - Atenas Eye\",\"isPartOf\":{\"@id\":\"https:\/\/atenaseyes.com\/#website\"},\"primaryImageOfPage\":{\"@id\":\"https:\/\/atenaseyes.com\/servicios\/#primaryimage\"},\"image\":{\"@id\":\"https:\/\/atenaseyes.com\/servicios\/#primaryimage\"},\"thumbnailUrl\":\"https:\/\/atenaseyes.com\/wp-content\/uploads\/2020\/12\/atenaseye-icon01.png\",\"datePublished\":\"2021-01-02T13:19:38+00:00\",\"dateModified\":\"2026-01-09T19:11:38+00:00\",\"breadcrumb\":{\"@id\":\"https:\/\/atenaseyes.com\/servicios\/#breadcrumb\"},\"inLanguage\":\"en-US\",\"potentialAction\":[{\"@type\":\"ReadAction\",\"target\":[\"https:\/\/atenaseyes.com\/servicios\/\"]}]},{\"@type\":\"ImageObject\",\"inLanguage\":\"en-US\",\"@id\":\"https:\/\/atenaseyes.com\/servicios\/#primaryimage\",\"url\":\"https:\/\/atenaseyes.com\/wp-content\/uploads\/2020\/12\/atenaseye-icon01.png\",\"contentUrl\":\"https:\/\/atenaseyes.com\/wp-content\/uploads\/2020\/12\/atenaseye-icon01.png\"},{\"@type\":\"BreadcrumbList\",\"@id\":\"https:\/\/atenaseyes.com\/servicios\/#breadcrumb\",\"itemListElement\":[{\"@type\":\"ListItem\",\"position\":1,\"name\":\"Portada\",\"item\":\"https:\/\/atenaseyes.com\/\"},{\"@type\":\"ListItem\",\"position\":2,\"name\":\"Servicios\"}]},{\"@type\":\"WebSite\",\"@id\":\"https:\/\/atenaseyes.com\/#website\",\"url\":\"https:\/\/atenaseyes.com\/\",\"name\":\"Atenas Eye\",\"description\":\"Coach Hol\u00edstico\",\"publisher\":{\"@id\":\"https:\/\/atenaseyes.com\/#\/schema\/person\/fc7a8da5351d666939bd2d139575534f\"},\"potentialAction\":[{\"@type\":\"SearchAction\",\"target\":{\"@type\":\"EntryPoint\",\"urlTemplate\":\"https:\/\/atenaseyes.com\/?s={search_term_string}\"},\"query-input\":{\"@type\":\"PropertyValueSpecification\",\"valueRequired\":true,\"valueName\":\"search_term_string\"}}],\"inLanguage\":\"en-US\"},{\"@type\":[\"Person\",\"Organization\"],\"@id\":\"https:\/\/atenaseyes.com\/#\/schema\/person\/fc7a8da5351d666939bd2d139575534f\",\"name\":\"Alejandra\",\"image\":{\"@type\":\"ImageObject\",\"inLanguage\":\"en-US\",\"@id\":\"https:\/\/atenaseyes.com\/#\/schema\/person\/image\/\",\"url\":\"https:\/\/atenaseyes.com\/wp-content\/uploads\/2023\/02\/atenaseye-logo-horizontal.png\",\"contentUrl\":\"https:\/\/atenaseyes.com\/wp-content\/uploads\/2023\/02\/atenaseye-logo-horizontal.png\",\"width\":950,\"height\":280,\"caption\":\"Alejandra\"},\"logo\":{\"@id\":\"https:\/\/atenaseyes.com\/#\/schema\/person\/image\/\"},\"sameAs\":[\"https:\/\/atenaseyes.com\"]}]}<\/script>\n<!-- \/ Yoast SEO plugin. -->","yoast_head_json":{"title":"Servicios - Atenas Eye","robots":{"index":"index","follow":"follow","max-snippet":"max-snippet:-1","max-image-preview":"max-image-preview:large","max-video-preview":"max-video-preview:-1"},"canonical":"https:\/\/atenaseyes.com\/en\/servicios\/","og_locale":"en_US","og_type":"article","og_title":"Servicios - Atenas Eye","og_description":"Servicios Hol\u00edsticos Servicios Hol\u00edsticos Servicios Hol\u00edsticos Servicios Hol\u00edsticos Servicios Hol\u00edsticos Numerolog\u00eda Coach Hol\u00edstico Tarot Terap\u00e9utico Informes de Arquetipos Terapia Ho\u2019oponopono Velas Personalizadas Numerolog\u00eda La numerolog\u00eda es una disciplina maravillosa donde encontramos que los n\u00fameros poseen esa vibraci\u00f3n energ\u00e9tica que aportan a nivel personal donde veremos las caracter\u00edsticas y facultades de las persona tambi\u00e9n de los [&hellip;]","og_url":"https:\/\/atenaseyes.com\/en\/servicios\/","og_site_name":"Atenas Eye","article_modified_time":"2026-01-09T19:11:38+00:00","og_image":[{"url":"https:\/\/atenaseyes.com\/wp-content\/uploads\/2020\/12\/atenaseye-icon01.png","type":"","width":"","height":""}],"twitter_card":"summary_large_image","twitter_misc":{"Est. reading time":"7 minutes"},"schema":{"@context":"https:\/\/schema.org","@graph":[{"@type":"WebPage","@id":"https:\/\/atenaseyes.com\/servicios\/","url":"https:\/\/atenaseyes.com\/servicios\/","name":"Servicios - Atenas Eye","isPartOf":{"@id":"https:\/\/atenaseyes.com\/#website"},"primaryImageOfPage":{"@id":"https:\/\/atenaseyes.com\/servicios\/#primaryimage"},"image":{"@id":"https:\/\/atenaseyes.com\/servicios\/#primaryimage"},"thumbnailUrl":"https:\/\/atenaseyes.com\/wp-content\/uploads\/2020\/12\/atenaseye-icon01.png","datePublished":"2021-01-02T13:19:38+00:00","dateModified":"2026-01-09T19:11:38+00:00","breadcrumb":{"@id":"https:\/\/atenaseyes.com\/servicios\/#breadcrumb"},"inLanguage":"en-US","potentialAction":[{"@type":"ReadAction","target":["https:\/\/atenaseyes.com\/servicios\/"]}]},{"@type":"ImageObject","inLanguage":"en-US","@id":"https:\/\/atenaseyes.com\/servicios\/#primaryimage","url":"https:\/\/atenaseyes.com\/wp-content\/uploads\/2020\/12\/atenaseye-icon01.png","contentUrl":"https:\/\/atenaseyes.com\/wp-content\/uploads\/2020\/12\/atenaseye-icon01.png"},{"@type":"BreadcrumbList","@id":"https:\/\/atenaseyes.com\/servicios\/#breadcrumb","itemListElement":[{"@type":"ListItem","position":1,"name":"Portada","item":"https:\/\/atenaseyes.com\/"},{"@type":"ListItem","position":2,"name":"Servicios"}]},{"@type":"WebSite","@id":"https:\/\/atenaseyes.com\/#website","url":"https:\/\/atenaseyes.com\/","name":"Atenas Eye","description":"Holistic Coach","publisher":{"@id":"https:\/\/atenaseyes.com\/#\/schema\/person\/fc7a8da5351d666939bd2d139575534f"},"potentialAction":[{"@type":"SearchAction","target":{"@type":"EntryPoint","urlTemplate":"https:\/\/atenaseyes.com\/?s={search_term_string}"},"query-input":{"@type":"PropertyValueSpecification","valueRequired":true,"valueName":"search_term_string"}}],"inLanguage":"en-US"},{"@type":["Person","Organization"],"@id":"https:\/\/atenaseyes.com\/#\/schema\/person\/fc7a8da5351d666939bd2d139575534f","name":"Alejandra","image":{"@type":"ImageObject","inLanguage":"en-US","@id":"https:\/\/atenaseyes.com\/#\/schema\/person\/image\/","url":"https:\/\/atenaseyes.com\/wp-content\/uploads\/2023\/02\/atenaseye-logo-horizontal.png","contentUrl":"https:\/\/atenaseyes.com\/wp-content\/uploads\/2023\/02\/atenaseye-logo-horizontal.png","width":950,"height":280,"caption":"Alejandra"},"logo":{"@id":"https:\/\/atenaseyes.com\/#\/schema\/person\/image\/"},"sameAs":["https:\/\/atenaseyes.com"]}]}},"_links":{"self":[{"href":"https:\/\/atenaseyes.com\/en\/wp-json\/wp\/v2\/pages\/160","targetHints":{"allow":["GET"]}}],"collection":[{"href":"https:\/\/atenaseyes.com\/en\/wp-json\/wp\/v2\/pages"}],"about":[{"href":"https:\/\/atenaseyes.com\/en\/wp-json\/wp\/v2\/types\/page"}],"author":[{"embeddable":true,"href":"https:\/\/atenaseyes.com\/en\/wp-json\/wp\/v2\/users\/1"}],"replies":[{"embeddable":true,"href":"https:\/\/atenaseyes.com\/en\/wp-json\/wp\/v2\/comments?post=160"}],"version-history":[{"count":501,"href":"https:\/\/atenaseyes.com\/en\/wp-json\/wp\/v2\/pages\/160\/revisions"}],"predecessor-version":[{"id":2536,"href":"https:\/\/atenaseyes.com\/en\/wp-json\/wp\/v2\/pages\/160\/revisions\/2536"}],"wp:attachment":[{"href":"https:\/\/atenaseyes.com\/en\/wp-json\/wp\/v2\/media?parent=160"}],"curies":[{"name":"wp","href":"https:\/\/api.w.org\/{rel}","templated":true}]}}