{"id":13,"date":"2020-12-15T13:09:25","date_gmt":"2020-12-15T13:09:25","guid":{"rendered":"https:\/\/atenaseyes.com\/lookbook-page\/"},"modified":"2026-01-09T19:11:40","modified_gmt":"2026-01-09T19:11:40","slug":"lookbook-page","status":"publish","type":"page","link":"https:\/\/atenaseyes.com\/en\/","title":{"rendered":"Atenas Eye"},"content":{"rendered":"<p>Hello luminous friends, I'm Alejandra,<br \/>\n\t\t\t\t\t\t\t\t\t\t\t\t\t\t\t\t\t\t\t\t\t\t\t\t\t\t\t\t\t\t\t\t\t\t\t\t\t\t\t\twho's soul chose to come to this earth to fulfill her mission as each one of you.<br \/>\n\t\t\t\t\t\t\t\t\t\t\t\t\t\t\t\t\t\t\t\t\t\t\t\t\t\t\t\t\t\t\t\t\t\t\t\t\t\t\t\t<a href=\"#contacto\"><br \/>\n\t\t\t\t\t\t\t\t\t\t\t\t\t\t\tSend Message\t\t\t\t\t\t\t\t\t\t\t\t\t\t<\/a><\/p>\n<p><img loading=\"lazy\" decoding=\"async\" width=\"331\" height=\"365\" src=\"https:\/\/atenaseyes.com\/wp-content\/uploads\/2023\/02\/atenaseye-alejandra-insigna.png\" \/>\t\t\t\t<\/p>\n<p><!-- .container --><br \/>\n\t\t\t\t\t\t\t\t <!-- .overlay --><\/p>\n<p>Hello luminous friends, I'm Alejandra,<br \/>\n\t\t\t\t\t\t\t\t\t\t\t\t\t\t\t\t\t\t\t\t\t\t\t\t\t\t\t\t\t\t\t\t\t\t\t\t\t\t\t\twho's soul chose to come to this earth to fulfill her mission as each one of you.<br \/>\n\t\t\t\t\t\t\t\t\t\t\t\t\t\t\t\t\t\t\t\t\t\t\t\t\t\t\t\t\t\t\t\t\t\t\t\t\t\t\t\t<a href=\"#contacto\"><br \/>\n\t\t\t\t\t\t\t\t\t\t\t\t\t\t\tSend Message\t\t\t\t\t\t\t\t\t\t\t\t\t\t<\/a><\/p>\n<p><img loading=\"lazy\" decoding=\"async\" width=\"331\" height=\"365\" src=\"https:\/\/atenaseyes.com\/wp-content\/uploads\/2023\/02\/atenaseye-alejandra-insigna.png\" \/>\t\t\t\t<\/p>\n<p><!-- .container --><br \/>\n\t\t\t\t\t\t\t\t <!-- .overlay --><\/p>\n<p>Hello luminous friends, I'm Alejandra,<br \/>\n\t\t\t\t\t\t\t\t\t\t\t\t\t\t\t\t\t\t\t\t\t\t\t\t\t\t\t\t\t\t\t\t\t\t\t\t\t\t\t\twho's soul chose to come to this earth to fulfill her mission as each one of you.<br \/>\n\t\t\t\t\t\t\t\t\t\t\t\t\t\t\t\t\t\t\t\t\t\t\t\t\t\t\t\t\t\t\t\t\t\t\t\t\t\t\t\t<a href=\"#contacto\"><br \/>\n\t\t\t\t\t\t\t\t\t\t\t\t\t\t\tSend Message\t\t\t\t\t\t\t\t\t\t\t\t\t\t<\/a><\/p>\n<p><img loading=\"lazy\" decoding=\"async\" width=\"331\" height=\"365\" src=\"https:\/\/atenaseyes.com\/wp-content\/uploads\/2023\/02\/atenaseye-alejandra-insigna.png\" \/>\t\t\t\t<\/p>\n<p><!-- .container --><br \/>\n\t\t\t\t\t\t\t\t <!-- .overlay --><\/p>\n<p>Hello luminous friends, I'm Alejandra,<br \/>\n\t\t\t\t\t\t\t\t\t\t\t\t\t\t\t\t\t\t\t\t\t\t\t\t\t\t\t\t\t\t\t\t\t\t\t\t\t\t\t\twho's soul chose to come to this earth to fulfill her mission as each one of you.<br \/>\n\t\t\t\t\t\t\t\t\t\t\t\t\t\t\t\t\t\t\t\t\t\t\t\t\t\t\t\t\t\t\t\t\t\t\t\t\t\t\t\t<a href=\"#contacto\"><br \/>\n\t\t\t\t\t\t\t\t\t\t\t\t\t\t\tSend Message\t\t\t\t\t\t\t\t\t\t\t\t\t\t<\/a><\/p>\n<p><img loading=\"lazy\" decoding=\"async\" width=\"331\" height=\"365\" src=\"https:\/\/atenaseyes.com\/wp-content\/uploads\/2023\/02\/atenaseye-alejandra-insigna.png\" \/>\t\t\t\t<\/p>\n<p><!-- .container --><br \/>\n\t\t\t\t\t\t\t\t <!-- .overlay --><\/p>\n<p>Hello luminous friends, I'm Alejandra,<br \/>\n\t\t\t\t\t\t\t\t\t\t\t\t\t\t\t\t\t\t\t\t\t\t\t\t\t\t\t\t\t\t\t\t\t\t\t\t\t\t\t\twho's soul chose to come to this earth to fulfill her mission as each one of you.<br \/>\n\t\t\t\t\t\t\t\t\t\t\t\t\t\t\t\t\t\t\t\t\t\t\t\t\t\t\t\t\t\t\t\t\t\t\t\t\t\t\t\t<a href=\"#contacto\"><br \/>\n\t\t\t\t\t\t\t\t\t\t\t\t\t\t\tSend Message\t\t\t\t\t\t\t\t\t\t\t\t\t\t<\/a><\/p>\n<p><img loading=\"lazy\" decoding=\"async\" width=\"331\" height=\"365\" src=\"https:\/\/atenaseyes.com\/wp-content\/uploads\/2023\/02\/atenaseye-alejandra-insigna.png\" \/>\t\t\t\t<\/p>\n<p><!-- .container --><br \/>\n\t\t\t\t\t\t\t\t <!-- .overlay --><\/p>\n<p><a href=\"https:\/\/atenaseyes.com\/en\/servicios\/#numerologia\"><br \/>\n\t\t\t\t\t\t\t<img loading=\"lazy\" decoding=\"async\" width=\"120\" height=\"120\" src=\"https:\/\/atenaseyes.com\/wp-content\/uploads\/2020\/12\/atenaseye-icon01.png\" \/>\t\t\t\t\t\t<\/a><\/p>\n<p><a href=\"https:\/\/atenaseyes.com\/en\/servicios\/#numerologia\"><br \/>\n\t\t\t\t\t\t\t\t\t\t\t\t\t\t\t\t\t\t\t\t\t\t\t\t\t\t\t\t\tNumerology\t\t\t\t\t\t\t\t\t\t\t\t\t\t\t\t\t\t\t\t\t\t\t\t\t\t\t\t\t<\/a><\/p>\n<p>The numerological analysis is carried out in a professional way, dealing with the main topics that you need to know to transit in this life.<\/p>\n<p><a href=\"https:\/\/atenaseyes.com\/en\/servicios\/#coach-holistico\"><br \/>\n\t\t\t\t\t\t\t<img loading=\"lazy\" decoding=\"async\" width=\"120\" height=\"120\" src=\"https:\/\/atenaseyes.com\/wp-content\/uploads\/2021\/01\/atenaseye-icon06.png\" \/>\t\t\t\t\t\t<\/a><\/p>\n<p><a href=\"https:\/\/atenaseyes.com\/en\/servicios\/#coach-holistico\"><br \/>\n\t\t\t\t\t\t\t\t\t\t\t\t\t\t\t\t\t\t\t\t\t\t\t\t\t\t\t\t\tHolistic Coach\t\t\t\t\t\t\t\t\t\t\t\t\t\t\t\t\t\t\t\t\t\t\t\t\t\t\t\t\t<\/a><\/p>\n<p>My purpose as a holistic coach is to guide you to the maximum development of your potentialities<\/p>\n<p><a href=\"https:\/\/atenaseyes.com\/en\/servicios\/#tarot-astrologico\"><br \/>\n\t\t\t\t\t\t\t<img loading=\"lazy\" decoding=\"async\" width=\"120\" height=\"120\" src=\"https:\/\/atenaseyes.com\/wp-content\/uploads\/2020\/12\/atenaseye-icon02.png\" \/>\t\t\t\t\t\t<\/a><\/p>\n<p><a href=\"https:\/\/atenaseyes.com\/en\/servicios\/#tarot-astrologico\"><br \/>\n\t\t\t\t\t\t\t\t\t\t\t\t\t\t\t\t\t\t\t\t\t\t\t\t\t\t\t\t\tTherapeutic Tarot\t\t\t\t\t\t\t\t\t\t\t\t\t\t\t\t\t\t\t\t\t\t\t\t\t\t\t\t\t<\/a><\/p>\n<p>The therapeutic tarot will be that window that will show you all possible paths and you have the last word; you are the only one who decides which one to take.&nbsp;<\/p>\n<p><!-- \/row --><\/p>\n<p><a><\/a><\/p>\n<p>Alejandra Fuenzalida Atenas<br \/>\n\t\t\t\t\t\t\t\t\t\t\t\t\t\t\t\t\t\t\t\t\t\tHolistic Coach<\/p>\n<p><a href=\"https:\/\/atenaseyes.com\/en\/sobre-mi\/\"><br \/>\n\t\t\t\t\t\t\t<img loading=\"lazy\" decoding=\"async\" width=\"325\" height=\"351\" src=\"https:\/\/atenaseyes.com\/wp-content\/uploads\/2023\/02\/atenaseye-alejandra-insigna2.png\" \/>\t\t\t\t\t\t<\/a><\/p>\n<p>\"I feel the breeze on my face that caresses me and clarifies what did not awaken me. I feel the wind in my ears that whisper loves, she loves that life is today and not tomorrow. I feel the air that manages me and accompanies in this moment that life changes\"<\/p>\n<p><a href=\"https:\/\/atenaseyes.com\/en\/sobre-mi\/\"><br \/>\n\t\t\t\t\t\t\t\t\t\t\t\t\t\tMore About Me\t\t\t\t\t\t\t\t\t\t\t\t\t<\/a><\/p>\n<p><a href=\"https:\/\/atenaseyes.com\/en\/servicios\/\"><br \/>\n\t\t\t\t\t\t\t\t\t\t\t\t\t\tHolistic Services\t\t\t\t\t\t\t\t\t\t\t\t\t<\/a><\/p>\n<p><!-- \/row --><\/p>\n<p><a href=\"https:\/\/atenaseyes.com\/en\/servicios\/#informes-de-arquetipo\"><br \/>\n\t\t\t\t\t\t\t<img loading=\"lazy\" decoding=\"async\" width=\"120\" height=\"120\" src=\"https:\/\/atenaseyes.com\/wp-content\/uploads\/2020\/12\/atenaseye-icon03.png\" \/>\t\t\t\t\t\t<\/a><\/p>\n<p><a href=\"https:\/\/atenaseyes.com\/en\/servicios\/#informes-de-arquetipo\"><br \/>\n\t\t\t\t\t\t\t\t\t\t\t\t\t\t\t\t\t\t\t\t\t\t\t\t\t\t\t\t\tArchetypes Reports\t\t\t\t\t\t\t\t\t\t\t\t\t\t\t\t\t\t\t\t\t\t\t\t\t\t\t\t\t<\/a><\/p>\n<p>Archetypes move us unconsciously.<\/p>\n<p><a href=\"https:\/\/atenaseyes.com\/en\/servicios\/#terapia-hooponopono\"><br \/>\n\t\t\t\t\t\t\t<img loading=\"lazy\" decoding=\"async\" width=\"120\" height=\"120\" src=\"https:\/\/atenaseyes.com\/wp-content\/uploads\/2021\/01\/atenaseye-icon04.png\" \/>\t\t\t\t\t\t<\/a><\/p>\n<p><a href=\"https:\/\/atenaseyes.com\/en\/servicios\/#terapia-hooponopono\"><br \/>\n\t\t\t\t\t\t\t\t\t\t\t\t\t\t\t\t\t\t\t\t\t\t\t\t\t\t\t\t\tHo'oponopono Therapy\t\t\t\t\t\t\t\t\t\t\t\t\t\t\t\t\t\t\t\t\t\t\t\t\t\t\t\t\t<\/a><\/p>\n<p>This ancient Hawaiian technique maintains that the subject who practices it is in connection with the universe and has responsibility for what happens to him or her.<\/p>\n<p><a href=\"https:\/\/atenaseyes.com\/en\/servicios\/#velas-personalizadas\"><br \/>\n\t\t\t\t\t\t\t<img loading=\"lazy\" decoding=\"async\" width=\"120\" height=\"120\" src=\"https:\/\/atenaseyes.com\/wp-content\/uploads\/2021\/01\/atenaseye-icon05.png\" \/>\t\t\t\t\t\t<\/a><\/p>\n<p><a href=\"https:\/\/atenaseyes.com\/en\/servicios\/#velas-personalizadas\"><br \/>\n\t\t\t\t\t\t\t\t\t\t\t\t\t\t\t\t\t\t\t\t\t\t\t\t\t\t\t\t\tCustom Candles\t\t\t\t\t\t\t\t\t\t\t\t\t\t\t\t\t\t\t\t\t\t\t\t\t\t\t\t\t<\/a><\/p>\n<p>May the light of these candles illuminate your way to find the light that is within you.<\/p>\n<p><!-- \/row --><\/p>\n<p>\u00abSoy un puente entre lo visible y lo invisible que vive en este campo ato\u0301mico que su alma viene a servir.\u00bb\t\t\t\t\t\t\t\t<\/p>\n<p><img loading=\"lazy\" decoding=\"async\" width=\"175\" height=\"40\" src=\"https:\/\/atenaseyes.com\/wp-content\/uploads\/2021\/01\/atenaseye-sitio-firma.png\" \/>\t\t\t\t<\/p>\n<p><!-- \/row --><\/p>\n<p>Terapia Hol\u00edstica\t\t\t\t\t\t\t\t<\/p>\n<p><a href=\"#contacto\"><br \/>\n\t\t\t\t\t\t\t<img loading=\"lazy\" decoding=\"async\" width=\"120\" height=\"120\" src=\"https:\/\/atenaseyes.com\/wp-content\/uploads\/2020\/12\/atenaseye-icon02.png\" \/>\t\t\t\t\t\t<\/a><\/p>\n<p><a href=\"#contacto\"><br \/>\n\t\t\t\t\t\t\t\t\t\t\t\t\t\t\t\t\t\t\t\t\t\t\t\t\t\t\t\t\tTherapeutic Tarot\t\t\t\t\t\t\t\t\t\t\t\t\t\t\t\t\t\t\t\t\t\t\t\t\t\t\t\t\t<\/a><\/p>\n<p>The objective of this great tool is to help you raise your state of consciousness to make the necessary changes and start creating your life from your true being, which will lead you to abundance in all aspects of life. The therapeutic tarot will be that window that will show you all the possible paths but you must understand that we have free will and you have the last word to decide which path to take, being clear that everything is cause and effect.<br \/>\n\t\t\t\t\t\t\t\t\t\t\t\t\t\t\t\t\t\t\t\t\t\t\t\t\t\t\t\t\t\t\t\t\t\t\t\t\t<a href=\"#contacto\"><br \/>\n\t\t\t\t\t\t\t\t\t\t\t\t\t\tRequest a Session\t\t\t\t\t\t\t\t\t\t\t\t\t<\/a><\/p>\n<p><a href=\"#contacto\"><br \/>\n\t\t\t\t\t\t\t<img loading=\"lazy\" decoding=\"async\" width=\"120\" height=\"120\" src=\"https:\/\/atenaseyes.com\/wp-content\/uploads\/2021\/01\/atenaseye-icon06.png\" \/>\t\t\t\t\t\t<\/a><\/p>\n<p><a href=\"#contacto\"><br \/>\n\t\t\t\t\t\t\t\t\t\t\t\t\t\t\t\t\t\t\t\t\t\t\t\t\t\t\t\t\tTherapeutic Astrology\t\t\t\t\t\t\t\t\t\t\t\t\t\t\t\t\t\t\t\t\t\t\t\t\t\t\t\t\t<\/a><\/p>\n<p>At the time of our birth, all the energies that are presented through our sign, planets and in the area in which these energies will manifest will help us to know ourselves and understand why we act in certain ways, what our challenges are, where are our potentials, family, children, profession, work, health, love and what we have to let go to reach our life mission.<br \/>\n\t\t\t\t\t\t\t\t\t\t\t\t\t\t\t\t\t\t\t\t\t\t\t\t\t\t\t\t\t\t\t\t\t\t\t\t\t<a href=\"#contacto\"><br \/>\n\t\t\t\t\t\t\t\t\t\t\t\t\t\tRequest a Session\t\t\t\t\t\t\t\t\t\t\t\t\t<\/a><\/p>\n<p><!-- \/row --><\/p>\n<p><a href=\"https:\/\/atenaseyes.com\/en\/arcano-el-loco\/\"><img loading=\"lazy\" decoding=\"async\" width=\"360\" height=\"480\" src=\"https:\/\/atenaseyes.com\/wp-content\/uploads\/2024\/04\/atenas-eye-carta-tarot-el-loco-360x480.jpg\" \/><\/a>\t\t\t\t\t\t\t\t\t\t\t\t\t\t\t\t\t\t\t\t\t\t\t<\/p>\n<p><a href=\"https:\/\/atenaseyes.com\/en\/arcano-el-loco\/\">Arcano- El Loco<\/a><\/p>\n<p>Soy el todo y la nada soy el termino y el comienzo.<br \/>\nSoy revolucionario y los cambios me mueven.<br \/>\nSoy masculino y femenino conectado con mi esp\u00edritu&#8230;\t\t\t\t\t\t\t\t\t\t\t\t\t\t\t\t\t\t\t\t\t\t\t\t\t\t\t\t\t\t\t\t\t\t\t\t\t\t\t\t\t\t\t\t\t\t\t\t\t\t\t\t\t\t\t\t\t\t\t\t\t\t\t\t\t\t\t\t\t\t\t\t<a href=\"https:\/\/atenaseyes.com\/en\/arcano-el-loco\/\">Leer m\u00e1s<\/a><\/p>\n<p><a href=\"https:\/\/atenaseyes.com\/en\/un-mensaje-de-mi-para-ustedes\/\"><img loading=\"lazy\" decoding=\"async\" width=\"480\" height=\"480\" src=\"https:\/\/atenaseyes.com\/wp-content\/uploads\/2023\/02\/IMG_0295-480x480.jpg\" \/><\/a>\t\t\t\t\t\t\t\t\t\t\t\t\t\t\t\t\t\t\t\t\t\t\t<\/p>\n<p><a href=\"https:\/\/atenaseyes.com\/en\/un-mensaje-de-mi-para-ustedes\/\">A message from me to you all<\/a><\/p>\n<p>Hola amigos luminosos mi nombre es Alejandra.<br \/>\nS\u00e9 que a\u00fan estoy en este camino de aprendizaje y se termina hasta que deje este avatar&#8230;\t\t\t\t\t\t\t\t\t\t\t\t\t\t\t\t\t\t\t\t\t\t\t\t\t\t\t\t\t\t\t\t\t\t\t\t\t\t\t\t\t\t\t\t\t\t\t\t\t\t\t\t\t\t\t\t\t\t\t\t\t\t\t\t\t\t\t\t\t\t\t\t<a href=\"https:\/\/atenaseyes.com\/en\/un-mensaje-de-mi-para-ustedes\/\">Leer m\u00e1s<\/a><\/p>\n<p><a href=\"https:\/\/atenaseyes.com\/en\/introduccion-a-la-numerologia\/\"><img loading=\"lazy\" decoding=\"async\" width=\"480\" height=\"480\" src=\"https:\/\/atenaseyes.com\/wp-content\/uploads\/2021\/01\/atenaseye-sitio-back04-480x480.jpg\" \/><\/a>\t\t\t\t\t\t\t\t\t\t\t\t\t\t\t\t\t\t\t\t\t\t\t<\/p>\n<p><a href=\"https:\/\/atenaseyes.com\/en\/introduccion-a-la-numerologia\/\">Introduction to numerology<\/a><\/p>\n<p>Numerolog\u00eda un hermoso<br \/>\ncamino de autoconocimiento<br \/>\ndonde los n\u00fameros te hablan.\t\t\t\t\t\t\t\t\t\t\t\t\t\t\t\t\t\t\t\t\t\t\t\t\t\t\t\t\t\t\t\t\t\t\t\t\t\t\t\t\t\t\t\t\t\t\t\t\t\t\t\t\t\t\t\t\t\t\t\t\t\t\t\t\t\t\t\t\t\t\t\t<a href=\"https:\/\/atenaseyes.com\/en\/introduccion-a-la-numerologia\/\">Leer m\u00e1s<\/a><\/p>\n<p><a href=\"https:\/\/atenaseyes.com\/en\/los-amantes\/\"><img loading=\"lazy\" decoding=\"async\" width=\"196\" height=\"320\" src=\"https:\/\/atenaseyes.com\/wp-content\/uploads\/2024\/08\/los-amantes-atenas-eye.jpg\" \/><\/a>\t\t\t\t\t\t\t\t\t\t\t\t\t\t\t\t\t\t\t\t\t\t\t<\/p>\n<p><a href=\"https:\/\/atenaseyes.com\/en\/los-amantes\/\">Los Amantes<\/a><\/p>\n<p>Soy\u00a0amor en busca de armon\u00eda viendo lo mejor de cada situaci\u00f3n&#8230;\t\t\t\t\t\t\t\t\t\t\t\t\t\t\t\t\t\t\t\t\t\t\t\t\t\t\t\t\t\t\t\t\t\t\t\t\t\t\t\t\t\t\t\t\t\t\t\t\t\t\t\t\t\t\t\t\t\t\t\t\t\t\t\t\t\t\t\t\t\t\t\t<a href=\"https:\/\/atenaseyes.com\/en\/los-amantes\/\">Leer m\u00e1s<\/a><\/p>\n<p><a href=\"https:\/\/atenaseyes.com\/en\/que-es-un-arquetipo\/\"><img loading=\"lazy\" decoding=\"async\" width=\"480\" height=\"480\" src=\"https:\/\/atenaseyes.com\/wp-content\/uploads\/2021\/01\/atenaseye-sitio-back06-480x480.jpg\" \/><\/a>\t\t\t\t\t\t\t\t\t\t\t\t\t\t\t\t\t\t\t\t\t\t\t<\/p>\n<p><a href=\"https:\/\/atenaseyes.com\/en\/que-es-un-arquetipo\/\">What is an Archetype?<\/a><\/p>\n<p>Un arquetipo es un modelo o ejemplo de ideas o conocimiento del cual se derivan otros tantos&#8230;\t\t\t\t\t\t\t\t\t\t\t\t\t\t\t\t\t\t\t\t\t\t\t\t\t\t\t\t\t\t\t\t\t\t\t\t\t\t\t\t\t\t\t\t\t\t\t\t\t\t\t\t\t\t\t\t\t\t\t\t\t\t\t\t\t\t\t\t\t\t\t\t<a href=\"https:\/\/atenaseyes.com\/en\/que-es-un-arquetipo\/\">Leer m\u00e1s<\/a><\/p>\n<p><a href=\"https:\/\/atenaseyes.com\/en\/el-hierofante\/\"><img loading=\"lazy\" decoding=\"async\" width=\"198\" height=\"320\" src=\"https:\/\/atenaseyes.com\/wp-content\/uploads\/2024\/08\/El-Hierofante-atenas-eye.jpeg\" \/><\/a>\t\t\t\t\t\t\t\t\t\t\t\t\t\t\t\t\t\t\t\t\t\t\t<\/p>\n<p><a href=\"https:\/\/atenaseyes.com\/en\/el-hierofante\/\">El Hierofante<\/a><\/p>\n<p>Soy el consejero, el amigo, el gu\u00eda que siempre aparecer\u00e9 cuando tu me lo pidas&#8230;\t\t\t\t\t\t\t\t\t\t\t\t\t\t\t\t\t\t\t\t\t\t\t\t\t\t\t\t\t\t\t\t\t\t\t\t\t\t\t\t\t\t\t\t\t\t\t\t\t\t\t\t\t\t\t\t\t\t\t\t\t\t\t\t\t\t\t\t\t\t\t\t<a href=\"https:\/\/atenaseyes.com\/en\/el-hierofante\/\">Leer m\u00e1s<\/a><\/p>\n<p><!-- \/row --><\/p>\n<p>1<br \/>\n\t<a href=\"https:\/\/atenaseyes.com\/wp-admin\/admin-ajax.php?paged=2\">2<\/a><br \/>\n\t<a href=\"https:\/\/atenaseyes.com\/wp-admin\/admin-ajax.php?paged=2\">&rarr;<\/a><\/p>","protected":false},"excerpt":{"rendered":"<p class=\"excerpt\">Hola amigos luminosos soy Alejandra, quien su alma eligi\u00f3 venir a esta tierra a cumplir su misi\u00f3n como cada uno de ustedes. Enviar Mensaje Hola amigos luminosos soy Alejandra, quien su alma eligi\u00f3 venir a esta tierra a cumplir su misi\u00f3n como cada uno de ustedes. Enviar Mensaje Hola amigos luminosos soy Alejandra, quien su [&hellip;]<\/p>","protected":false},"author":1,"featured_media":0,"parent":0,"menu_order":0,"comment_status":"closed","ping_status":"closed","template":"builder.php","meta":{"_joinchat":[],"footnotes":""},"class_list":["post-13","page","type-page","status-publish","hentry"],"yoast_head":"<!-- This site is optimized with the Yoast SEO plugin v26.7 - https:\/\/yoast.com\/wordpress\/plugins\/seo\/ -->\n<title>Atenas Eye - Atenas Eye<\/title>\n<meta name=\"robots\" content=\"index, follow, max-snippet:-1, max-image-preview:large, max-video-preview:-1\" \/>\n<link rel=\"canonical\" href=\"https:\/\/atenaseyes.com\/en\/\" \/>\n<meta property=\"og:locale\" content=\"en_US\" \/>\n<meta property=\"og:type\" content=\"article\" \/>\n<meta property=\"og:title\" content=\"Atenas Eye - Atenas Eye\" \/>\n<meta property=\"og:description\" content=\"Hola amigos luminosos soy Alejandra, quien su alma eligi\u00f3 venir a esta tierra a cumplir su misi\u00f3n como cada uno de ustedes. Enviar Mensaje Hola amigos luminosos soy Alejandra, quien su alma eligi\u00f3 venir a esta tierra a cumplir su misi\u00f3n como cada uno de ustedes. Enviar Mensaje Hola amigos luminosos soy Alejandra, quien su [&hellip;]\" \/>\n<meta property=\"og:url\" content=\"https:\/\/atenaseyes.com\/en\/\" \/>\n<meta property=\"og:site_name\" content=\"Atenas Eye\" \/>\n<meta property=\"article:modified_time\" content=\"2026-01-09T19:11:40+00:00\" \/>\n<meta property=\"og:image\" content=\"https:\/\/atenaseyes.com\/wp-content\/uploads\/2023\/02\/atenaseye-alejandra-insigna.png\" \/>\n<meta name=\"twitter:card\" content=\"summary_large_image\" \/>\n<meta name=\"twitter:label1\" content=\"Est. reading time\" \/>\n\t<meta name=\"twitter:data1\" content=\"3 minutes\" \/>\n<script type=\"application\/ld+json\" class=\"yoast-schema-graph\">{\"@context\":\"https:\/\/schema.org\",\"@graph\":[{\"@type\":\"WebPage\",\"@id\":\"https:\/\/atenaseyes.com\/\",\"url\":\"https:\/\/atenaseyes.com\/\",\"name\":\"Atenas Eye - Atenas Eye\",\"isPartOf\":{\"@id\":\"https:\/\/atenaseyes.com\/#website\"},\"primaryImageOfPage\":{\"@id\":\"https:\/\/atenaseyes.com\/#primaryimage\"},\"image\":{\"@id\":\"https:\/\/atenaseyes.com\/#primaryimage\"},\"thumbnailUrl\":\"https:\/\/atenaseyes.com\/wp-content\/uploads\/2023\/02\/atenaseye-alejandra-insigna.png\",\"datePublished\":\"2020-12-15T13:09:25+00:00\",\"dateModified\":\"2026-01-09T19:11:40+00:00\",\"breadcrumb\":{\"@id\":\"https:\/\/atenaseyes.com\/#breadcrumb\"},\"inLanguage\":\"en-US\",\"potentialAction\":[{\"@type\":\"ReadAction\",\"target\":[\"https:\/\/atenaseyes.com\/\"]}]},{\"@type\":\"ImageObject\",\"inLanguage\":\"en-US\",\"@id\":\"https:\/\/atenaseyes.com\/#primaryimage\",\"url\":\"https:\/\/atenaseyes.com\/wp-content\/uploads\/2023\/02\/atenaseye-alejandra-insigna.png\",\"contentUrl\":\"https:\/\/atenaseyes.com\/wp-content\/uploads\/2023\/02\/atenaseye-alejandra-insigna.png\"},{\"@type\":\"BreadcrumbList\",\"@id\":\"https:\/\/atenaseyes.com\/#breadcrumb\",\"itemListElement\":[{\"@type\":\"ListItem\",\"position\":1,\"name\":\"Portada\",\"item\":\"https:\/\/atenaseyes.com\/\"},{\"@type\":\"ListItem\",\"position\":2,\"name\":\"Atenas Eye\"}]},{\"@type\":\"WebSite\",\"@id\":\"https:\/\/atenaseyes.com\/#website\",\"url\":\"https:\/\/atenaseyes.com\/\",\"name\":\"Atenas Eye\",\"description\":\"Coach Hol\u00edstico\",\"publisher\":{\"@id\":\"https:\/\/atenaseyes.com\/#\/schema\/person\/fc7a8da5351d666939bd2d139575534f\"},\"potentialAction\":[{\"@type\":\"SearchAction\",\"target\":{\"@type\":\"EntryPoint\",\"urlTemplate\":\"https:\/\/atenaseyes.com\/?s={search_term_string}\"},\"query-input\":{\"@type\":\"PropertyValueSpecification\",\"valueRequired\":true,\"valueName\":\"search_term_string\"}}],\"inLanguage\":\"en-US\"},{\"@type\":[\"Person\",\"Organization\"],\"@id\":\"https:\/\/atenaseyes.com\/#\/schema\/person\/fc7a8da5351d666939bd2d139575534f\",\"name\":\"Alejandra\",\"image\":{\"@type\":\"ImageObject\",\"inLanguage\":\"en-US\",\"@id\":\"https:\/\/atenaseyes.com\/#\/schema\/person\/image\/\",\"url\":\"https:\/\/atenaseyes.com\/wp-content\/uploads\/2023\/02\/atenaseye-logo-horizontal.png\",\"contentUrl\":\"https:\/\/atenaseyes.com\/wp-content\/uploads\/2023\/02\/atenaseye-logo-horizontal.png\",\"width\":950,\"height\":280,\"caption\":\"Alejandra\"},\"logo\":{\"@id\":\"https:\/\/atenaseyes.com\/#\/schema\/person\/image\/\"},\"sameAs\":[\"https:\/\/atenaseyes.com\"]}]}<\/script>\n<!-- \/ Yoast SEO plugin. -->","yoast_head_json":{"title":"Atenas Eye - Atenas Eye","robots":{"index":"index","follow":"follow","max-snippet":"max-snippet:-1","max-image-preview":"max-image-preview:large","max-video-preview":"max-video-preview:-1"},"canonical":"https:\/\/atenaseyes.com\/en\/","og_locale":"en_US","og_type":"article","og_title":"Atenas Eye - Atenas Eye","og_description":"Hola amigos luminosos soy Alejandra, quien su alma eligi\u00f3 venir a esta tierra a cumplir su misi\u00f3n como cada uno de ustedes. Enviar Mensaje Hola amigos luminosos soy Alejandra, quien su alma eligi\u00f3 venir a esta tierra a cumplir su misi\u00f3n como cada uno de ustedes. Enviar Mensaje Hola amigos luminosos soy Alejandra, quien su [&hellip;]","og_url":"https:\/\/atenaseyes.com\/en\/","og_site_name":"Atenas Eye","article_modified_time":"2026-01-09T19:11:40+00:00","og_image":[{"url":"https:\/\/atenaseyes.com\/wp-content\/uploads\/2023\/02\/atenaseye-alejandra-insigna.png","type":"","width":"","height":""}],"twitter_card":"summary_large_image","twitter_misc":{"Est. reading time":"3 minutes"},"schema":{"@context":"https:\/\/schema.org","@graph":[{"@type":"WebPage","@id":"https:\/\/atenaseyes.com\/","url":"https:\/\/atenaseyes.com\/","name":"Atenas Eye - Atenas Eye","isPartOf":{"@id":"https:\/\/atenaseyes.com\/#website"},"primaryImageOfPage":{"@id":"https:\/\/atenaseyes.com\/#primaryimage"},"image":{"@id":"https:\/\/atenaseyes.com\/#primaryimage"},"thumbnailUrl":"https:\/\/atenaseyes.com\/wp-content\/uploads\/2023\/02\/atenaseye-alejandra-insigna.png","datePublished":"2020-12-15T13:09:25+00:00","dateModified":"2026-01-09T19:11:40+00:00","breadcrumb":{"@id":"https:\/\/atenaseyes.com\/#breadcrumb"},"inLanguage":"en-US","potentialAction":[{"@type":"ReadAction","target":["https:\/\/atenaseyes.com\/"]}]},{"@type":"ImageObject","inLanguage":"en-US","@id":"https:\/\/atenaseyes.com\/#primaryimage","url":"https:\/\/atenaseyes.com\/wp-content\/uploads\/2023\/02\/atenaseye-alejandra-insigna.png","contentUrl":"https:\/\/atenaseyes.com\/wp-content\/uploads\/2023\/02\/atenaseye-alejandra-insigna.png"},{"@type":"BreadcrumbList","@id":"https:\/\/atenaseyes.com\/#breadcrumb","itemListElement":[{"@type":"ListItem","position":1,"name":"Portada","item":"https:\/\/atenaseyes.com\/"},{"@type":"ListItem","position":2,"name":"Atenas Eye"}]},{"@type":"WebSite","@id":"https:\/\/atenaseyes.com\/#website","url":"https:\/\/atenaseyes.com\/","name":"Atenas Eye","description":"Holistic Coach","publisher":{"@id":"https:\/\/atenaseyes.com\/#\/schema\/person\/fc7a8da5351d666939bd2d139575534f"},"potentialAction":[{"@type":"SearchAction","target":{"@type":"EntryPoint","urlTemplate":"https:\/\/atenaseyes.com\/?s={search_term_string}"},"query-input":{"@type":"PropertyValueSpecification","valueRequired":true,"valueName":"search_term_string"}}],"inLanguage":"en-US"},{"@type":["Person","Organization"],"@id":"https:\/\/atenaseyes.com\/#\/schema\/person\/fc7a8da5351d666939bd2d139575534f","name":"Alejandra","image":{"@type":"ImageObject","inLanguage":"en-US","@id":"https:\/\/atenaseyes.com\/#\/schema\/person\/image\/","url":"https:\/\/atenaseyes.com\/wp-content\/uploads\/2023\/02\/atenaseye-logo-horizontal.png","contentUrl":"https:\/\/atenaseyes.com\/wp-content\/uploads\/2023\/02\/atenaseye-logo-horizontal.png","width":950,"height":280,"caption":"Alejandra"},"logo":{"@id":"https:\/\/atenaseyes.com\/#\/schema\/person\/image\/"},"sameAs":["https:\/\/atenaseyes.com"]}]}},"_links":{"self":[{"href":"https:\/\/atenaseyes.com\/en\/wp-json\/wp\/v2\/pages\/13","targetHints":{"allow":["GET"]}}],"collection":[{"href":"https:\/\/atenaseyes.com\/en\/wp-json\/wp\/v2\/pages"}],"about":[{"href":"https:\/\/atenaseyes.com\/en\/wp-json\/wp\/v2\/types\/page"}],"author":[{"embeddable":true,"href":"https:\/\/atenaseyes.com\/en\/wp-json\/wp\/v2\/users\/1"}],"replies":[{"embeddable":true,"href":"https:\/\/atenaseyes.com\/en\/wp-json\/wp\/v2\/comments?post=13"}],"version-history":[{"count":547,"href":"https:\/\/atenaseyes.com\/en\/wp-json\/wp\/v2\/pages\/13\/revisions"}],"predecessor-version":[{"id":2537,"href":"https:\/\/atenaseyes.com\/en\/wp-json\/wp\/v2\/pages\/13\/revisions\/2537"}],"wp:attachment":[{"href":"https:\/\/atenaseyes.com\/en\/wp-json\/wp\/v2\/media?parent=13"}],"curies":[{"name":"wp","href":"https:\/\/api.w.org\/{rel}","templated":true}]}}